{"id":694,"date":"2026-03-27T08:01:41","date_gmt":"2026-03-27T07:01:41","guid":{"rendered":"https:\/\/infocodzienne.pl\/index.php\/potwierdzenie-rejestracji\/transakcja-nie-powiodla-sie\/"},"modified":"2026-03-27T08:01:41","modified_gmt":"2026-03-27T07:01:41","slug":"transakcja-nie-powiodla-sie","status":"publish","type":"page","link":"https:\/\/infocodzienne.pl\/index.php\/potwierdzenie-rejestracji\/transakcja-nie-powiodla-sie\/","title":{"rendered":"Transakcja nie powiod\u0142a si\u0119"},"content":{"rendered":"<p>Niestety, w tej chwili nie mo\u017cna zako\u0144czy\u0107 transakcji. Spr\u00f3buj ponownie lub skontaktuj si\u0119 z nami.<\/p>\n","protected":false},"excerpt":{"rendered":"<p>Niestety, w tej chwili nie mo\u017cna zako\u0144czy\u0107 transakcji. Spr\u00f3buj ponownie lub skontaktuj si\u0119 z nami.<\/p>\n","protected":false},"author":1,"featured_media":0,"parent":690,"menu_order":0,"comment_status":"closed","ping_status":"closed","template":"","meta":{"zakra_page_container_layout":"customizer","zakra_page_sidebar_layout":"customizer","zakra_remove_content_margin":false,"zakra_sidebar":"customizer","zakra_transparent_header":"customizer","zakra_logo":0,"zakra_main_header_style":"default","zakra_menu_item_color":"","zakra_menu_item_hover_color":"","zakra_menu_item_active_color":"","zakra_menu_active_style":"","zakra_page_header":true,"footnotes":""},"class_list":["post-694","page","type-page","status-publish","hentry"],"_links":{"self":[{"href":"https:\/\/infocodzienne.pl\/index.php\/wp-json\/wp\/v2\/pages\/694","targetHints":{"allow":["GET"]}}],"collection":[{"href":"https:\/\/infocodzienne.pl\/index.php\/wp-json\/wp\/v2\/pages"}],"about":[{"href":"https:\/\/infocodzienne.pl\/index.php\/wp-json\/wp\/v2\/types\/page"}],"author":[{"embeddable":true,"href":"https:\/\/infocodzienne.pl\/index.php\/wp-json\/wp\/v2\/users\/1"}],"replies":[{"embeddable":true,"href":"https:\/\/infocodzienne.pl\/index.php\/wp-json\/wp\/v2\/comments?post=694"}],"version-history":[{"count":0,"href":"https:\/\/infocodzienne.pl\/index.php\/wp-json\/wp\/v2\/pages\/694\/revisions"}],"up":[{"embeddable":true,"href":"https:\/\/infocodzienne.pl\/index.php\/wp-json\/wp\/v2\/pages\/690"}],"wp:attachment":[{"href":"https:\/\/infocodzienne.pl\/index.php\/wp-json\/wp\/v2\/media?parent=694"}],"curies":[{"name":"wp","href":"https:\/\/api.w.org\/{rel}","templated":true}]}}